{"id":75,"date":"2024-03-27T16:13:21","date_gmt":"2024-03-27T19:13:21","guid":{"rendered":"https:\/\/msclservicos.com.br\/?page_id=75"},"modified":"2024-04-02T16:49:09","modified_gmt":"2024-04-02T19:49:09","slug":"servicos","status":"publish","type":"page","link":"https:\/\/msclservicos.com.br\/index.php\/servicos\/","title":{"rendered":"Servi\u00e7os"},"content":{"rendered":"\t\t<div data-elementor-type=\"wp-page\" data-elementor-id=\"75\" class=\"elementor elementor-75\">\n\t\t\t\t<div class=\"elementor-element elementor-element-409e91a e-flex e-con-boxed wpr-particle-no wpr-jarallax-no wpr-parallax-no wpr-sticky-section-no e-con e-parent\" data-id=\"409e91a\" data-element_type=\"container\" data-settings=\"{&quot;background_background&quot;:&quot;classic&quot;}\" data-core-v316-plus=\"true\">\n\t\t\t\t\t<div class=\"e-con-inner\">\n\t\t\t\t<div class=\"elementor-element elementor-element-1955ae0 elementor-widget elementor-widget-heading\" data-id=\"1955ae0\" data-element_type=\"widget\" data-widget_type=\"heading.default\">\n\t\t\t\t<div class=\"elementor-widget-container\">\n\t\t\t<style>\/*! elementor - v3.20.0 - 20-03-2024 *\/\n.elementor-heading-title{padding:0;margin:0;line-height:1}.elementor-widget-heading .elementor-heading-title[class*=elementor-size-]>a{color:inherit;font-size:inherit;line-height:inherit}.elementor-widget-heading .elementor-heading-title.elementor-size-small{font-size:15px}.elementor-widget-heading .elementor-heading-title.elementor-size-medium{font-size:19px}.elementor-widget-heading .elementor-heading-title.elementor-size-large{font-size:29px}.elementor-widget-heading .elementor-heading-title.elementor-size-xl{font-size:39px}.elementor-widget-heading .elementor-heading-title.elementor-size-xxl{font-size:59px}<\/style><h2 class=\"elementor-heading-title elementor-size-default\">SERVI\u00c7OS<\/h2>\t\t<\/div>\n\t\t\t\t<\/div>\n\t\t\t\t\t<\/div>\n\t\t\t\t<\/div>\n\t\t<div class=\"elementor-element elementor-element-0bb58bd e-flex e-con-boxed wpr-particle-no wpr-jarallax-no wpr-parallax-no wpr-sticky-section-no e-con e-parent\" data-id=\"0bb58bd\" data-element_type=\"container\" data-core-v316-plus=\"true\">\n\t\t\t\t\t<div class=\"e-con-inner\">\n\t\t<div class=\"elementor-element elementor-element-6324b58 e-grid e-con-boxed wpr-particle-no wpr-jarallax-no wpr-parallax-no wpr-sticky-section-no e-con e-child\" data-id=\"6324b58\" data-element_type=\"container\" data-settings=\"{&quot;background_background&quot;:&quot;classic&quot;}\">\n\t\t\t\t\t<div class=\"e-con-inner\">\n\t\t<div class=\"elementor-element elementor-element-cb50ec4 e-flex e-con-boxed wpr-particle-no wpr-jarallax-no wpr-parallax-no wpr-sticky-section-no e-con e-child\" data-id=\"cb50ec4\" data-element_type=\"container\" data-settings=\"{&quot;background_background&quot;:&quot;classic&quot;}\">\n\t\t\t\t\t<div class=\"e-con-inner\">\n\t\t\t\t<div class=\"elementor-element elementor-element-4140c9d elementor-widget elementor-widget-image\" data-id=\"4140c9d\" data-element_type=\"widget\" data-widget_type=\"image.default\">\n\t\t\t\t<div class=\"elementor-widget-container\">\n\t\t\t<style>\/*! elementor - v3.20.0 - 20-03-2024 *\/\n.elementor-widget-image{text-align:center}.elementor-widget-image a{display:inline-block}.elementor-widget-image a img[src$=\".svg\"]{width:48px}.elementor-widget-image img{vertical-align:middle;display:inline-block}<\/style>\t\t\t\t\t\t\t\t\t\t<img fetchpriority=\"high\" decoding=\"async\" width=\"300\" height=\"300\" src=\"https:\/\/msclservicos.com.br\/wp-content\/uploads\/2024\/04\/ancoras-metalixas-aco-inox-310-300x300.png\" class=\"attachment-medium size-medium wp-image-282\" alt=\"ancoras metalicas a\u00e7o inox 310\" srcset=\"https:\/\/msclservicos.com.br\/wp-content\/uploads\/2024\/04\/ancoras-metalixas-aco-inox-310-300x300.png 300w, https:\/\/msclservicos.com.br\/wp-content\/uploads\/2024\/04\/ancoras-metalixas-aco-inox-310-150x150.png 150w, https:\/\/msclservicos.com.br\/wp-content\/uploads\/2024\/04\/ancoras-metalixas-aco-inox-310-230x230.png 230w, https:\/\/msclservicos.com.br\/wp-content\/uploads\/2024\/04\/ancoras-metalixas-aco-inox-310-350x350.png 350w, https:\/\/msclservicos.com.br\/wp-content\/uploads\/2024\/04\/ancoras-metalixas-aco-inox-310-480x480.png 480w, https:\/\/msclservicos.com.br\/wp-content\/uploads\/2024\/04\/ancoras-metalixas-aco-inox-310.png 750w\" sizes=\"(max-width: 300px) 100vw, 300px\" \/>\t\t\t\t\t\t\t\t\t\t\t\t\t<\/div>\n\t\t\t\t<\/div>\n\t\t\t\t<div class=\"elementor-element elementor-element-50606bb elementor-widget elementor-widget-heading\" data-id=\"50606bb\" data-element_type=\"widget\" data-widget_type=\"heading.default\">\n\t\t\t\t<div class=\"elementor-widget-container\">\n\t\t\t<h4 class=\"elementor-heading-title elementor-size-default\">\u00c2ncoras Met\u00e1licas<\/h4>\t\t<\/div>\n\t\t\t\t<\/div>\n\t\t\t\t<div class=\"elementor-element elementor-element-176fd00 elementor-widget elementor-widget-text-editor\" data-id=\"176fd00\" data-element_type=\"widget\" data-widget_type=\"text-editor.default\">\n\t\t\t\t<div class=\"elementor-widget-container\">\n\t\t\t<style>\/*! elementor - v3.20.0 - 20-03-2024 *\/\n.elementor-widget-text-editor.elementor-drop-cap-view-stacked .elementor-drop-cap{background-color:#69727d;color:#fff}.elementor-widget-text-editor.elementor-drop-cap-view-framed .elementor-drop-cap{color:#69727d;border:3px solid;background-color:transparent}.elementor-widget-text-editor:not(.elementor-drop-cap-view-default) .elementor-drop-cap{margin-top:8px}.elementor-widget-text-editor:not(.elementor-drop-cap-view-default) .elementor-drop-cap-letter{width:1em;height:1em}.elementor-widget-text-editor .elementor-drop-cap{float:left;text-align:center;line-height:1;font-size:50px}.elementor-widget-text-editor .elementor-drop-cap-letter{display:inline-block}<\/style>\t\t\t\t<p>\u00a0 A MSCL \u00e9 fabricante de \u00e2ncoras\u00a0<br \/><span style=\"color: var( --e-global-color-global_color_7 ); background-color: rgba(255, 255, 255, 0);\">met\u00e1licas em a\u00e7o inox 310 utilizadas <br \/>para aplica\u00e7\u00e3o de concreto refrat\u00e1rio.<\/span><\/p>\t\t\t\t\t\t<\/div>\n\t\t\t\t<\/div>\n\t\t\t\t\t<\/div>\n\t\t\t\t<\/div>\n\t\t<div class=\"elementor-element elementor-element-fc791d7 e-flex e-con-boxed wpr-particle-no wpr-jarallax-no wpr-parallax-no wpr-sticky-section-no e-con e-child\" data-id=\"fc791d7\" data-element_type=\"container\" data-settings=\"{&quot;background_background&quot;:&quot;classic&quot;}\">\n\t\t\t\t\t<div class=\"e-con-inner\">\n\t\t\t\t<div class=\"elementor-element elementor-element-4c34574 elementor-widget elementor-widget-image\" data-id=\"4c34574\" data-element_type=\"widget\" data-widget_type=\"image.default\">\n\t\t\t\t<div class=\"elementor-widget-container\">\n\t\t\t\t\t\t\t\t\t\t\t\t\t<img decoding=\"async\" width=\"300\" height=\"200\" src=\"https:\/\/msclservicos.com.br\/wp-content\/uploads\/2024\/03\/capa1-300x200.jpg\" class=\"attachment-medium size-medium wp-image-164\" alt=\"\" srcset=\"https:\/\/msclservicos.com.br\/wp-content\/uploads\/2024\/03\/capa1-300x200.jpg 300w, https:\/\/msclservicos.com.br\/wp-content\/uploads\/2024\/03\/capa1-1024x683.jpg 1024w, https:\/\/msclservicos.com.br\/wp-content\/uploads\/2024\/03\/capa1-768x512.jpg 768w, https:\/\/msclservicos.com.br\/wp-content\/uploads\/2024\/03\/capa1-1536x1024.jpg 1536w, https:\/\/msclservicos.com.br\/wp-content\/uploads\/2024\/03\/capa1-2048x1366.jpg 2048w, https:\/\/msclservicos.com.br\/wp-content\/uploads\/2024\/03\/capa1-1000x667.jpg 1000w, https:\/\/msclservicos.com.br\/wp-content\/uploads\/2024\/03\/capa1-230x153.jpg 230w, https:\/\/msclservicos.com.br\/wp-content\/uploads\/2024\/03\/capa1-350x233.jpg 350w, https:\/\/msclservicos.com.br\/wp-content\/uploads\/2024\/03\/capa1-480x320.jpg 480w\" sizes=\"(max-width: 300px) 100vw, 300px\" \/>\t\t\t\t\t\t\t\t\t\t\t\t\t<\/div>\n\t\t\t\t<\/div>\n\t\t\t\t<div class=\"elementor-element elementor-element-01dff16 elementor-widget elementor-widget-heading\" data-id=\"01dff16\" data-element_type=\"widget\" data-widget_type=\"heading.default\">\n\t\t\t\t<div class=\"elementor-widget-container\">\n\t\t\t<h4 class=\"elementor-heading-title elementor-size-default\">Parada de Unidades<\/h4>\t\t<\/div>\n\t\t\t\t<\/div>\n\t\t\t\t<div class=\"elementor-element elementor-element-5a7d842 elementor-widget__width-initial elementor-widget elementor-widget-text-editor\" data-id=\"5a7d842\" data-element_type=\"widget\" data-widget_type=\"text-editor.default\">\n\t\t\t\t<div class=\"elementor-widget-container\">\n\t\t\t\t\t\t\t<p>A MSCL atua na presta\u00e7\u00e3o de servi\u00e7os<br>&nbsp;eletromec\u00e2nicos para Paradas de <br>Unidades programadas e n\u00e3o <br>programada com fornecimento de <br>M\u00e3o de Obra Especializada atendendo <br>todos requisitos de Seguran\u00e7a, <br>Sa\u00fade Ocupacional e Meio Ambiente.<\/p>\n<p><br><\/p>\t\t\t\t\t\t<\/div>\n\t\t\t\t<\/div>\n\t\t\t\t\t<\/div>\n\t\t\t\t<\/div>\n\t\t<div class=\"elementor-element elementor-element-e729ed7 e-flex e-con-boxed wpr-particle-no wpr-jarallax-no wpr-parallax-no wpr-sticky-section-no e-con e-child\" data-id=\"e729ed7\" data-element_type=\"container\" data-settings=\"{&quot;background_background&quot;:&quot;classic&quot;}\">\n\t\t\t\t\t<div class=\"e-con-inner\">\n\t\t\t\t<div class=\"elementor-element elementor-element-b7c44a1 elementor-widget elementor-widget-image\" data-id=\"b7c44a1\" data-element_type=\"widget\" data-widget_type=\"image.default\">\n\t\t\t\t<div class=\"elementor-widget-container\">\n\t\t\t\t\t\t\t\t\t\t\t\t\t<img decoding=\"async\" width=\"150\" height=\"150\" src=\"https:\/\/msclservicos.com.br\/wp-content\/uploads\/2024\/04\/Estruturas-Metalicas-150x150.jpg\" class=\"attachment-thumbnail size-thumbnail wp-image-286\" alt=\"\" \/>\t\t\t\t\t\t\t\t\t\t\t\t\t<\/div>\n\t\t\t\t<\/div>\n\t\t\t\t<div class=\"elementor-element elementor-element-9b2fc39 elementor-widget elementor-widget-heading\" data-id=\"9b2fc39\" data-element_type=\"widget\" data-widget_type=\"heading.default\">\n\t\t\t\t<div class=\"elementor-widget-container\">\n\t\t\t<h4 class=\"elementor-heading-title elementor-size-default\">Estruturas Met\u00e1licas<\/h4>\t\t<\/div>\n\t\t\t\t<\/div>\n\t\t\t\t<div class=\"elementor-element elementor-element-716b62b elementor-widget elementor-widget-text-editor\" data-id=\"716b62b\" data-element_type=\"widget\" data-widget_type=\"text-editor.default\">\n\t\t\t\t<div class=\"elementor-widget-container\">\n\t\t\t\t\t\t\t<p>Fabrica\u00e7\u00e3o de Galp\u00f5es,Treli\u00e7as, Pipe Racks <br \/>e Estrutura de Correias Transportadoras <br \/>e em geral.<\/p><p>\u00a0<\/p>\t\t\t\t\t\t<\/div>\n\t\t\t\t<\/div>\n\t\t\t\t\t<\/div>\n\t\t\t\t<\/div>\n\t\t<div class=\"elementor-element elementor-element-7b0a4d2 e-flex e-con-boxed wpr-particle-no wpr-jarallax-no wpr-parallax-no wpr-sticky-section-no e-con e-child\" data-id=\"7b0a4d2\" data-element_type=\"container\" data-settings=\"{&quot;background_background&quot;:&quot;classic&quot;}\">\n\t\t\t\t\t<div class=\"e-con-inner\">\n\t\t\t\t<div class=\"elementor-element elementor-element-5789eab elementor-widget elementor-widget-image\" data-id=\"5789eab\" data-element_type=\"widget\" data-widget_type=\"image.default\">\n\t\t\t\t<div class=\"elementor-widget-container\">\n\t\t\t\t\t\t\t\t\t\t\t\t\t<img loading=\"lazy\" decoding=\"async\" width=\"300\" height=\"169\" src=\"https:\/\/msclservicos.com.br\/wp-content\/uploads\/2024\/03\/call2-300x169.webp\" class=\"attachment-medium size-medium wp-image-113\" alt=\"\" srcset=\"https:\/\/msclservicos.com.br\/wp-content\/uploads\/2024\/03\/call2-300x169.webp 300w, https:\/\/msclservicos.com.br\/wp-content\/uploads\/2024\/03\/call2-768x432.webp 768w, https:\/\/msclservicos.com.br\/wp-content\/uploads\/2024\/03\/call2-230x129.webp 230w, https:\/\/msclservicos.com.br\/wp-content\/uploads\/2024\/03\/call2-350x197.webp 350w, https:\/\/msclservicos.com.br\/wp-content\/uploads\/2024\/03\/call2-480x270.webp 480w, https:\/\/msclservicos.com.br\/wp-content\/uploads\/2024\/03\/call2.webp 960w\" sizes=\"(max-width: 300px) 100vw, 300px\" \/>\t\t\t\t\t\t\t\t\t\t\t\t\t<\/div>\n\t\t\t\t<\/div>\n\t\t\t\t<div class=\"elementor-element elementor-element-515966f elementor-widget elementor-widget-heading\" data-id=\"515966f\" data-element_type=\"widget\" data-widget_type=\"heading.default\">\n\t\t\t\t<div class=\"elementor-widget-container\">\n\t\t\t<h4 class=\"elementor-heading-title elementor-size-default\">Tubula\u00e7\u00e3o<\/h4>\t\t<\/div>\n\t\t\t\t<\/div>\n\t\t\t\t<div class=\"elementor-element elementor-element-e480bbc elementor-widget__width-initial elementor-widget elementor-widget-text-editor\" data-id=\"e480bbc\" data-element_type=\"widget\" data-widget_type=\"text-editor.default\">\n\t\t\t\t<div class=\"elementor-widget-container\">\n\t\t\t\t\t\t\t<p>Fabrica\u00e7\u00e3o montagem e solda das linhas de \u00e1gua, ar comprimido, vapor em a\u00e7o carbono, a\u00e7o liga (P11), a\u00e7o inox, PVC incluindo a montagem dos acess\u00f3rios (flanges, v\u00e1lvulas), fabrica\u00e7\u00e3o dos drenos e vents, realiza\u00e7\u00e3o de testes hidrost\u00e1ticos (TH), interliga\u00e7\u00f5es das linhas.<\/p><p><br><\/p>\t\t\t\t\t\t<\/div>\n\t\t\t\t<\/div>\n\t\t\t\t\t<\/div>\n\t\t\t\t<\/div>\n\t\t<div class=\"elementor-element elementor-element-452009e e-flex e-con-boxed wpr-particle-no wpr-jarallax-no wpr-parallax-no wpr-sticky-section-no e-con e-child\" data-id=\"452009e\" data-element_type=\"container\" data-settings=\"{&quot;background_background&quot;:&quot;classic&quot;}\">\n\t\t\t\t\t<div class=\"e-con-inner\">\n\t\t\t\t<div class=\"elementor-element elementor-element-b922203 elementor-widget elementor-widget-image\" data-id=\"b922203\" data-element_type=\"widget\" data-widget_type=\"image.default\">\n\t\t\t\t<div class=\"elementor-widget-container\">\n\t\t\t\t\t\t\t\t\t\t\t\t\t<img loading=\"lazy\" decoding=\"async\" width=\"300\" height=\"200\" src=\"https:\/\/msclservicos.com.br\/wp-content\/uploads\/2024\/03\/capa2-300x200.jpg\" class=\"attachment-medium size-medium wp-image-168\" alt=\"\" srcset=\"https:\/\/msclservicos.com.br\/wp-content\/uploads\/2024\/03\/capa2-300x200.jpg 300w, https:\/\/msclservicos.com.br\/wp-content\/uploads\/2024\/03\/capa2-1024x683.jpg 1024w, https:\/\/msclservicos.com.br\/wp-content\/uploads\/2024\/03\/capa2-768x512.jpg 768w, https:\/\/msclservicos.com.br\/wp-content\/uploads\/2024\/03\/capa2-1536x1024.jpg 1536w, https:\/\/msclservicos.com.br\/wp-content\/uploads\/2024\/03\/capa2-2048x1366.jpg 2048w, https:\/\/msclservicos.com.br\/wp-content\/uploads\/2024\/03\/capa2-1000x667.jpg 1000w, https:\/\/msclservicos.com.br\/wp-content\/uploads\/2024\/03\/capa2-230x153.jpg 230w, https:\/\/msclservicos.com.br\/wp-content\/uploads\/2024\/03\/capa2-350x233.jpg 350w, https:\/\/msclservicos.com.br\/wp-content\/uploads\/2024\/03\/capa2-480x320.jpg 480w\" sizes=\"(max-width: 300px) 100vw, 300px\" \/>\t\t\t\t\t\t\t\t\t\t\t\t\t<\/div>\n\t\t\t\t<\/div>\n\t\t\t\t<div class=\"elementor-element elementor-element-9d5060c elementor-widget__width-initial elementor-widget elementor-widget-heading\" data-id=\"9d5060c\" data-element_type=\"widget\" data-widget_type=\"heading.default\">\n\t\t\t\t<div class=\"elementor-widget-container\">\n\t\t\t<h4 class=\"elementor-heading-title elementor-size-default\">Servi\u00e7os de Solda e Inspe\u00e7\u00e3o<\/h4>\t\t<\/div>\n\t\t\t\t<\/div>\n\t\t\t\t<div class=\"elementor-element elementor-element-1109d06 elementor-widget__width-initial elementor-widget elementor-widget-text-editor\" data-id=\"1109d06\" data-element_type=\"widget\" data-widget_type=\"text-editor.default\">\n\t\t\t\t<div class=\"elementor-widget-container\">\n\t\t\t\t\t\t\t<p>Profissionais qualificados no processo de solda ER, Tig e Mig, para materiais em a\u00e7o carbono, a\u00e7o liga e inox. Inspe\u00e7\u00e3o dos servi\u00e7os de solda realizado pelos inspetores<\/p><p><br><\/p>\t\t\t\t\t\t<\/div>\n\t\t\t\t<\/div>\n\t\t\t\t\t<\/div>\n\t\t\t\t<\/div>\n\t\t<div class=\"elementor-element elementor-element-0ac5590 e-flex e-con-boxed wpr-particle-no wpr-jarallax-no wpr-parallax-no wpr-sticky-section-no e-con e-child\" data-id=\"0ac5590\" data-element_type=\"container\" data-settings=\"{&quot;background_background&quot;:&quot;classic&quot;}\">\n\t\t\t\t\t<div class=\"e-con-inner\">\n\t\t\t\t<div class=\"elementor-element elementor-element-2854626 elementor-widget elementor-widget-image\" data-id=\"2854626\" data-element_type=\"widget\" data-widget_type=\"image.default\">\n\t\t\t\t<div class=\"elementor-widget-container\">\n\t\t\t\t\t\t\t\t\t\t\t\t\t<img loading=\"lazy\" decoding=\"async\" width=\"300\" height=\"145\" src=\"https:\/\/msclservicos.com.br\/wp-content\/uploads\/2024\/04\/petrocoque-2-300x145.png\" class=\"attachment-medium size-medium wp-image-288\" alt=\"\" srcset=\"https:\/\/msclservicos.com.br\/wp-content\/uploads\/2024\/04\/petrocoque-2-300x145.png 300w, https:\/\/msclservicos.com.br\/wp-content\/uploads\/2024\/04\/petrocoque-2-230x111.png 230w, https:\/\/msclservicos.com.br\/wp-content\/uploads\/2024\/04\/petrocoque-2-350x169.png 350w, https:\/\/msclservicos.com.br\/wp-content\/uploads\/2024\/04\/petrocoque-2-480x231.png 480w, https:\/\/msclservicos.com.br\/wp-content\/uploads\/2024\/04\/petrocoque-2.png 751w\" sizes=\"(max-width: 300px) 100vw, 300px\" \/>\t\t\t\t\t\t\t\t\t\t\t\t\t<\/div>\n\t\t\t\t<\/div>\n\t\t\t\t<div class=\"elementor-element elementor-element-b55a652 elementor-widget__width-initial elementor-widget elementor-widget-heading\" data-id=\"b55a652\" data-element_type=\"widget\" data-widget_type=\"heading.default\">\n\t\t\t\t<div class=\"elementor-widget-container\">\n\t\t\t<h4 class=\"elementor-heading-title elementor-size-default\">Troca do Resfriador Petrocoque<\/h4>\t\t<\/div>\n\t\t\t\t<\/div>\n\t\t\t\t<div class=\"elementor-element elementor-element-95b3941 elementor-widget__width-initial elementor-widget elementor-widget-text-editor\" data-id=\"95b3941\" data-element_type=\"widget\" data-widget_type=\"text-editor.default\">\n\t\t\t\t<div class=\"elementor-widget-container\">\n\t\t\t\t\t\t\t<p>A MSCL realizou a parada programada da unidade II com a com troca e fabrica\u00e7\u00e3o do novo resfriador de coque calcilnado, garantido o prazo estabelecido pelo cliente.<\/p><p><br><\/p>\n<p><br><\/p>\n<p><br><\/p>\t\t\t\t\t\t<\/div>\n\t\t\t\t<\/div>\n\t\t\t\t\t<\/div>\n\t\t\t\t<\/div>\n\t\t<div class=\"elementor-element elementor-element-42305ac e-flex e-con-boxed wpr-particle-no wpr-jarallax-no wpr-parallax-no wpr-sticky-section-no e-con e-child\" data-id=\"42305ac\" data-element_type=\"container\" data-settings=\"{&quot;background_background&quot;:&quot;classic&quot;}\">\n\t\t\t\t\t<div class=\"e-con-inner\">\n\t\t\t\t<div class=\"elementor-element elementor-element-676ec96 elementor-widget elementor-widget-image\" data-id=\"676ec96\" data-element_type=\"widget\" data-widget_type=\"image.default\">\n\t\t\t\t<div class=\"elementor-widget-container\">\n\t\t\t\t\t\t\t\t\t\t\t\t\t<img loading=\"lazy\" decoding=\"async\" width=\"300\" height=\"104\" src=\"https:\/\/msclservicos.com.br\/wp-content\/uploads\/2024\/03\/ban-300x104.webp\" class=\"attachment-medium size-medium wp-image-65\" alt=\"\" srcset=\"https:\/\/msclservicos.com.br\/wp-content\/uploads\/2024\/03\/ban-300x104.webp 300w, https:\/\/msclservicos.com.br\/wp-content\/uploads\/2024\/03\/ban-1024x353.webp 1024w, https:\/\/msclservicos.com.br\/wp-content\/uploads\/2024\/03\/ban-768x265.webp 768w, https:\/\/msclservicos.com.br\/wp-content\/uploads\/2024\/03\/ban-1536x530.webp 1536w, https:\/\/msclservicos.com.br\/wp-content\/uploads\/2024\/03\/ban-1000x345.webp 1000w, https:\/\/msclservicos.com.br\/wp-content\/uploads\/2024\/03\/ban-230x79.webp 230w, https:\/\/msclservicos.com.br\/wp-content\/uploads\/2024\/03\/ban-350x121.webp 350w, https:\/\/msclservicos.com.br\/wp-content\/uploads\/2024\/03\/ban-480x166.webp 480w, https:\/\/msclservicos.com.br\/wp-content\/uploads\/2024\/03\/ban.webp 1565w\" sizes=\"(max-width: 300px) 100vw, 300px\" \/>\t\t\t\t\t\t\t\t\t\t\t\t\t<\/div>\n\t\t\t\t<\/div>\n\t\t\t\t<div class=\"elementor-element elementor-element-832f8b4 elementor-widget__width-initial elementor-widget elementor-widget-heading\" data-id=\"832f8b4\" data-element_type=\"widget\" data-widget_type=\"heading.default\">\n\t\t\t\t<div class=\"elementor-widget-container\">\n\t\t\t<h4 class=\"elementor-heading-title elementor-size-default\">Reparo das Trincas do Forno Rotativo Petrocoque<\/h4>\t\t<\/div>\n\t\t\t\t<\/div>\n\t\t\t\t<div class=\"elementor-element elementor-element-f673ac2 elementor-widget__width-initial elementor-widget elementor-widget-text-editor\" data-id=\"f673ac2\" data-element_type=\"widget\" data-widget_type=\"text-editor.default\">\n\t\t\t\t<div class=\"elementor-widget-container\">\n\t\t\t\t\t\t\t<p>A MSCL realizou o servi\u00e7o de soldas especiais no reparo de trincas no casco do forno de Calcina\u00e7\u00e3o de Coque atendendo todo o procedimento de soldagem e manuseio do equipamento.<\/p>\n<p><br><\/p><p><br><\/p>\n<p><br><\/p>\t\t\t\t\t\t<\/div>\n\t\t\t\t<\/div>\n\t\t\t\t\t<\/div>\n\t\t\t\t<\/div>\n\t\t\t\t\t<\/div>\n\t\t\t\t<\/div>\n\t\t\t\t\t<\/div>\n\t\t\t\t<\/div>\n\t\t\t\t<\/div>\n\t\t","protected":false},"excerpt":{"rendered":"<p>SERVI\u00c7OS \u00c2ncoras Met\u00e1licas \u00a0 A MSCL \u00e9 fabricante de \u00e2ncoras\u00a0met\u00e1licas em a\u00e7o inox 310 utilizadas para aplica\u00e7\u00e3o de concreto refrat\u00e1rio. Parada de [&hellip;]<\/p>\n","protected":false},"author":1,"featured_media":0,"parent":0,"menu_order":0,"comment_status":"closed","ping_status":"closed","template":"elementor_header_footer","meta":{"footnotes":"","_joinchat":[]},"_links":{"self":[{"href":"https:\/\/msclservicos.com.br\/index.php\/wp-json\/wp\/v2\/pages\/75"}],"collection":[{"href":"https:\/\/msclservicos.com.br\/index.php\/wp-json\/wp\/v2\/pages"}],"about":[{"href":"https:\/\/msclservicos.com.br\/index.php\/wp-json\/wp\/v2\/types\/page"}],"author":[{"embeddable":true,"href":"https:\/\/msclservicos.com.br\/index.php\/wp-json\/wp\/v2\/users\/1"}],"replies":[{"embeddable":true,"href":"https:\/\/msclservicos.com.br\/index.php\/wp-json\/wp\/v2\/comments?post=75"}],"version-history":[{"count":19,"href":"https:\/\/msclservicos.com.br\/index.php\/wp-json\/wp\/v2\/pages\/75\/revisions"}],"predecessor-version":[{"id":494,"href":"https:\/\/msclservicos.com.br\/index.php\/wp-json\/wp\/v2\/pages\/75\/revisions\/494"}],"wp:attachment":[{"href":"https:\/\/msclservicos.com.br\/index.php\/wp-json\/wp\/v2\/media?parent=75"}],"curies":[{"name":"wp","href":"https:\/\/api.w.org\/{rel}","templated":true}]}}